{"id":801,"date":"2018-03-14T08:10:27","date_gmt":"2018-03-14T08:10:27","guid":{"rendered":"https:\/\/www.festivalrinconcillo.com\/espacio-escenico\/"},"modified":"2018-05-03T09:21:36","modified_gmt":"2018-05-03T09:21:36","slug":"espacio-escenico","status":"publish","type":"page","link":"https:\/\/www.festivalrinconcillo.com\/fr\/espacio-escenico\/","title":{"rendered":"Space sc\u00e9nique"},"content":{"rendered":"<div class=\"wpb-content-wrapper\"><p>[vc_row css_animation=\u00a0\u00bb\u00a0\u00bb row_type=\u00a0\u00bbrow\u00a0\u00bb use_row_as_full_screen_section=\u00a0\u00bbno\u00a0\u00bb type=\u00a0\u00bbfull_width\u00a0\u00bb angled_section=\u00a0\u00bbno\u00a0\u00bb text_align=\u00a0\u00bbcenter\u00a0\u00bb background_image_as_pattern=\u00a0\u00bbwithout_pattern\u00a0\u00bb z_index=\u00a0\u00bb\u00a0\u00bb][vc_column][qode_elements_holder number_of_columns=\u00a0\u00bbone_column\u00a0\u00bb][qode_elements_holder_item item_padding=\u00a0\u00bb0 0 0 0&Prime; advanced_animations=\u00a0\u00bbno\u00a0\u00bb][vc_column_text el_class=\u00a0\u00bbback-title\u00a0\u00bb]visualiser[\/vc_column_text][vc_separator type=\u00a0\u00bbtransparent\u00a0\u00bb up=\u00a0\u00bb-50&Prime;][\/qode_elements_holder_item][\/qode_elements_holder][\/vc_column][\/vc_row][vc_row css_animation=\u00a0\u00bb\u00a0\u00bb row_type=\u00a0\u00bbrow\u00a0\u00bb use_row_as_full_screen_section=\u00a0\u00bbno\u00a0\u00bb type=\u00a0\u00bbgrid\u00a0\u00bb angled_section=\u00a0\u00bbno\u00a0\u00bb text_align=\u00a0\u00bbleft\u00a0\u00bb background_image_as_pattern=\u00a0\u00bbwithout_pattern\u00a0\u00bb z_index=\u00a0\u00bb\u00a0\u00bb][vc_column][vc_column_text]<\/p>\n<h1 style=\"text-align: center;\">Space sc\u00e9nique<\/h1>\n<p>[\/vc_column_text][vc_empty_space height=\u00a0\u00bb60px\u00a0\u00bb][\/vc_column][\/vc_row][vc_row css_animation=\u00a0\u00bb\u00a0\u00bb row_type=\u00a0\u00bbrow\u00a0\u00bb use_row_as_full_screen_section=\u00a0\u00bbno\u00a0\u00bb type=\u00a0\u00bbfull_width\u00a0\u00bb angled_section=\u00a0\u00bbno\u00a0\u00bb text_align=\u00a0\u00bbleft\u00a0\u00bb background_image_as_pattern=\u00a0\u00bbwithout_pattern\u00a0\u00bb][vc_column][vc_column_text]<\/p>\n<h2 class=\"title-alt\" style=\"text-align: center;\">La Maison Mus\u00e9e de Federico Garc\u00eda Lorca<\/h2>\n<p>[\/vc_column_text][vc_column_text]<\/p>\n<p style=\"text-align: center;\">L\u00b4espace sc\u00e9nique situ\u00e9 dans la Maison Mus\u00e9e de Federico Garc\u00eda Lorca, centre l\u00b4 activit\u00e9 culturelle de la localit\u00e9. En plus de ce festival, la Mairie poss\u00e8de une longue programmation gr\u00e2ce \u00e0 \u00a0laquelle, le th\u00e9\u00e2tre de la Maison de Federico Garc\u00eda Lorca remplit les conditions \u00a0n\u00e9cessaires pour des activit\u00e9s et des repr\u00e9sentations th\u00e9\u00e2trales de toutes cat\u00e9gories.<\/p>\n<p>[\/vc_column_text][vc_empty_space][\/vc_column][\/vc_row][vc_row css_animation=\u00a0\u00bb\u00a0\u00bb row_type=\u00a0\u00bbrow\u00a0\u00bb use_row_as_full_screen_section=\u00a0\u00bbno\u00a0\u00bb type=\u00a0\u00bbfull_width\u00a0\u00bb angled_section=\u00a0\u00bbno\u00a0\u00bb text_align=\u00a0\u00bbleft\u00a0\u00bb background_image_as_pattern=\u00a0\u00bbwithout_pattern\u00a0\u00bb][vc_column width=\u00a0\u00bb1\/2&Prime;][vc_single_image image=\u00a0\u00bb208&Prime; img_size=\u00a0\u00bbmedium\u00a0\u00bb alignment=\u00a0\u00bbcenter\u00a0\u00bb onclick=\u00a0\u00bblink_image\u00a0\u00bb qode_css_animation=\u00a0\u00bb\u00a0\u00bb css=\u00a0\u00bb.vc_custom_1525339232106{margin-bottom: 15px !important;}\u00a0\u00bb title=\u00a0\u00bbespacio escenico\u00a0\u00bb][vc_column_text]<\/p>\n<p style=\"text-align: center;\">L\u00b4ESPACE SC\u00c9NIQUE<\/p>\n<p>[\/vc_column_text][\/vc_column][vc_column width=\u00a0\u00bb1\/2&Prime;][vc_single_image image=\u00a0\u00bb207&Prime; img_size=\u00a0\u00bbmedium\u00a0\u00bb alignment=\u00a0\u00bbcenter\u00a0\u00bb onclick=\u00a0\u00bblink_image\u00a0\u00bb qode_css_animation=\u00a0\u00bb\u00a0\u00bb css=\u00a0\u00bb.vc_custom_1525339242514{margin-bottom: 15px !important;}\u00a0\u00bb title=\u00a0\u00bbespacio escenico\u00a0\u00bb][vc_column_text]<\/p>\n<p style=\"text-align: center;\">L\u00b4ESPACE SC\u00c9NIQUE<\/p>\n<p>[\/vc_column_text][\/vc_column][\/vc_row][vc_row css_animation=\u00a0\u00bb\u00a0\u00bb row_type=\u00a0\u00bbrow\u00a0\u00bb use_row_as_full_screen_section=\u00a0\u00bbno\u00a0\u00bb type=\u00a0\u00bbfull_width\u00a0\u00bb angled_section=\u00a0\u00bbno\u00a0\u00bb text_align=\u00a0\u00bbleft\u00a0\u00bb background_image_as_pattern=\u00a0\u00bbwithout_pattern\u00a0\u00bb][vc_column][vc_empty_space][vc_column_text]<\/p>\n<h2 class=\"title-alt\" style=\"text-align: center;\">L\u00b4espace sc\u00e9nique<\/h2>\n<p>[\/vc_column_text][vc_empty_space][vc_gallery type=\u00a0\u00bbimage_grid\u00a0\u00bb images=\u00a0\u00bb218,214,215,216,217,213&Prime; column_number=\u00a0\u00bb6&Prime; grayscale=\u00a0\u00bbno\u00a0\u00bb images_space=\u00a0\u00bbgallery_with_space\u00a0\u00bb][\/vc_column][\/vc_row][vc_row css_animation=\u00a0\u00bb\u00a0\u00bb row_type=\u00a0\u00bbrow\u00a0\u00bb use_row_as_full_screen_section=\u00a0\u00bbno\u00a0\u00bb type=\u00a0\u00bbgrid\u00a0\u00bb angled_section=\u00a0\u00bbno\u00a0\u00bb text_align=\u00a0\u00bbcenter\u00a0\u00bb background_image_as_pattern=\u00a0\u00bbwithout_pattern\u00a0\u00bb padding_top=\u00a0\u00bb34&Prime; padding_bottom=\u00a0\u00bb218&Prime; z_index=\u00a0\u00bb\u00a0\u00bb][vc_column]<a  itemprop=\"url\" href=\"https:\/\/www.festivalrinconcillo.com\/contacto\" target=\"_self\"  class=\"qbutton  default\" style=\"\"> Participer<\/a>[\/vc_column][\/vc_row]<\/p>\n<\/div>","protected":false},"excerpt":{"rendered":"<p>[vc_row css_animation=\u00a0\u00bb\u00a0\u00bb row_type=\u00a0\u00bbrow\u00a0\u00bb use_row_as_full_screen_section=\u00a0\u00bbno\u00a0\u00bb type=\u00a0\u00bbfull_width\u00a0\u00bb angled_section=\u00a0\u00bbno\u00a0\u00bb text_align=\u00a0\u00bbcenter\u00a0\u00bb background_image_as_pattern=\u00a0\u00bbwithout_pattern\u00a0\u00bb z_index=\u00a0\u00bb\u00a0\u00bb][vc_column][qode_elements_holder number_of_columns=\u00a0\u00bbone_column\u00a0\u00bb][qode_elements_holder_item item_padding=\u00a0\u00bb0 0 0 0&Prime; advanced_animations=\u00a0\u00bbno\u00a0\u00bb][vc_column_text el_class=\u00a0\u00bbback-title\u00a0\u00bb]visualiser[\/vc_column_text][vc_separator type=\u00a0\u00bbtransparent\u00a0\u00bb up=\u00a0\u00bb-50&Prime;][\/qode_elements_holder_item][\/qode_elements_holder][\/vc_column][\/vc_row][vc_row css_animation=\u00a0\u00bb\u00a0\u00bb row_type=\u00a0\u00bbrow\u00a0\u00bb&#8230;<\/p>\n","protected":false},"author":1,"featured_media":0,"parent":0,"menu_order":0,"comment_status":"closed","ping_status":"closed","template":"","meta":{"_acf_changed":false,"footnotes":""},"acf":[],"_links":{"self":[{"href":"https:\/\/www.festivalrinconcillo.com\/fr\/wp-json\/wp\/v2\/pages\/801"}],"collection":[{"href":"https:\/\/www.festivalrinconcillo.com\/fr\/wp-json\/wp\/v2\/pages"}],"about":[{"href":"https:\/\/www.festivalrinconcillo.com\/fr\/wp-json\/wp\/v2\/types\/page"}],"author":[{"embeddable":true,"href":"https:\/\/www.festivalrinconcillo.com\/fr\/wp-json\/wp\/v2\/users\/1"}],"replies":[{"embeddable":true,"href":"https:\/\/www.festivalrinconcillo.com\/fr\/wp-json\/wp\/v2\/comments?post=801"}],"version-history":[{"count":9,"href":"https:\/\/www.festivalrinconcillo.com\/fr\/wp-json\/wp\/v2\/pages\/801\/revisions"}],"predecessor-version":[{"id":879,"href":"https:\/\/www.festivalrinconcillo.com\/fr\/wp-json\/wp\/v2\/pages\/801\/revisions\/879"}],"wp:attachment":[{"href":"https:\/\/www.festivalrinconcillo.com\/fr\/wp-json\/wp\/v2\/media?parent=801"}],"curies":[{"name":"wp","href":"https:\/\/api.w.org\/{rel}","templated":true}]}}